{"id":1070,"date":"2014-08-22T07:25:04","date_gmt":"2014-08-22T05:25:04","guid":{"rendered":"http:\/\/test.migomedia.pl\/?page_id=1070"},"modified":"2014-09-10T22:43:27","modified_gmt":"2014-09-10T20:43:27","slug":"polityka-cookies","status":"publish","type":"page","link":"https:\/\/migo.media\/pl\/polityka-cookies","title":{"rendered":"Polityka cookies"},"content":{"rendered":"<p>Niniejsza Polityka Cookies okre\u015bla zasady przechowywania i dost\u0119pu do informacji na urz\u0105dzeniach U\u017cytkownika za pomoc\u0105 plik\u00f3w Cookies, s\u0142u\u017c\u0105cych realizacji us\u0142ug \u015bwiadczonych drog\u0105 elektroniczn\u0105 \u017c\u0105danych przez U\u017cytkownika, przez Migomedia Sp. z o.o. z siedzib\u0105 w Warszawie.<\/p>\n<h2><\/h2>\n<p>&nbsp;<\/p>\n<h2>\u00a7 1 Definicje<\/h2>\n<ol>\n<li><strong>Administrator<\/strong>\u00a0&#8211; oznacza Migomedia Sp. z o.o. z siedzib\u0105 w Warszawie (00-611),\u00a0ul. Filtrowa 9\/17, kt\u00f3ry \u015bwiadczy us\u0142ugi drog\u0105 elektroniczn\u0105 oraz przechowuje i uzyskuje dost\u0119p do informacji w urz\u0105dzeniach U\u017cytkownika.<\/li>\n<li><strong>Cookies<\/strong>\u00a0&#8211; oznacza dane informatyczne, w szczeg\u00f3lno\u015bci niewielkie pliki tekstowe, zapisywane i przechowywane na urz\u0105dzeniach za po\u015brednictwem kt\u00f3rych U\u017cytkownik korzysta ze stron internetowych Serwisu.<\/li>\n<li><strong>Cookies Administratora<\/strong>\u00a0&#8211; oznacza Cookies zamieszczane przez Administratora, zwi\u0105zane ze \u015bwiadczeniem us\u0142ug droga elektroniczn\u0105 przez Administratora za po\u015brednictwem Serwisu.<\/li>\n<li><strong>Cookies Zewn\u0119trzne<\/strong>\u00a0&#8211; oznacza Cookies zamieszczane przez partner\u00f3w Administratora, za po\u015brednictwem strony internetowej Serwisu.<\/li>\n<li><strong>Serwis<\/strong>\u00a0&#8211; oznacza stron\u0119 internetow\u0105, pod kt\u00f3r\u0105 Administrator prowadzi serwis internetowy, dzia\u0142aj\u0105c\u0105 w domenie migomedia.pl.<\/li>\n<li><strong>Urz\u0105dzenie<\/strong>\u00a0&#8211; oznacza elektroniczne urz\u0105dzenie za po\u015brednictwem, kt\u00f3rego U\u017cytkownik uzyskuje dost\u0119p do stron internetowych Serwisu.<\/li>\n<li><strong>U\u017cytkownik<\/strong>\u00a0&#8211; oznacza podmiot, na rzecz kt\u00f3rego zgodnie z Regulaminem i przepisami prawa mog\u0105 by\u0107 \u015bwiadczone us\u0142ugi drog\u0105 elektroniczn\u0105 lub z kt\u00f3rym zawarta mo\u017ce by\u0107 Umowa o \u015bwiadczenie us\u0142ug drog\u0105 elektroniczn\u0105.<\/li>\n<\/ol>\n<h2>\u00a7 2 Rodzaje wykorzystywanych Cookies<\/h2>\n<ol>\n<li>Stosowane przez Administratora Cookies s\u0105 bezpieczne dla Urz\u0105dzenia U\u017cytkownika. W szczeg\u00f3lno\u015bci t\u0105 drog\u0105 nie jest mo\u017cliwe przedostanie si\u0119 do Urz\u0105dze\u0144 U\u017cytkownik\u00f3w wirus\u00f3w lub innego niechcianego oprogramowania lub oprogramowania z\u0142o\u015bliwego. Pliki te pozwalaj\u0105 zidentyfikowa\u0107 oprogramowanie wykorzystywane przez U\u017cytkownika i dostosowa\u0107 Serwis indywidualnie ka\u017cdemu U\u017cytkownikowi. Cookies zazwyczaj zawieraj\u0105 nazw\u0119 domeny z kt\u00f3rej pochodz\u0105, czas przechowywania ich na Urz\u0105dzeniu oraz przypisan\u0105 warto\u015b\u0107.<\/li>\n<li>Administrator wykorzystuje dwa typy plik\u00f3w cookies:\n<ul>\n<li><strong>Cookies sesyjne:<\/strong>\u00a0s\u0105 przechowywane na Urz\u0105dzeniu U\u017cytkownika i pozostaj\u0105 tam do momentu zako\u0144czenia sesji danej przegl\u0105darki. Zapisane informacje s\u0105 w\u00f3wczas trwale usuwane z pami\u0119ci Urz\u0105dzenia. Mechanizm cookies sesyjnych nie pozwala na pobieranie jakichkolwiek danych osobowych ani \u017cadnych informacji poufnych z Urz\u0105dzenia U\u017cytkownika.<\/li>\n<li><strong>Cookies trwa\u0142e:<\/strong>\u00a0s\u0105 przechowywane na Urz\u0105dzeniu U\u017cytkownika i pozostaj\u0105 tam do momentu ich skasowania. Zako\u0144czenie sesji danej przegl\u0105darki lub wy\u0142\u0105czenie Urz\u0105dzenia nie powoduje ich usuni\u0119cia z Urz\u0105dzenia U\u017cytkownika. Mechanizm cookies trwa\u0142ych nie pozwala na pobieranie jakichkolwiek danych osobowych ani \u017cadnych informacji poufnych z Urz\u0105dzenia U\u017cytkownika.<\/li>\n<\/ul>\n<\/li>\n<li>U\u017cytkownik ma mo\u017cliwo\u015b\u0107 ograniczenia lub wy\u0142\u0105czenia dost\u0119pu plik\u00f3w cookies do swojego Urz\u0105dzenia. W przypadku skorzystania z tej opcji korzystanie ze Serwisu b\u0119dzie mo\u017cliwe, poza funkcjami, kt\u00f3re ze swojej natury wymagaj\u0105 plik\u00f3w cookies.<\/li>\n<\/ol>\n<h2>\u00a7 3 Cele w jakich wykorzystywane s\u0105 Cookies<\/h2>\n<ol>\n<li>Administrator wykorzystuje Cookies w\u0142asne w celu poprawnej konfiguracji serwisu, a w szczeg\u00f3lno\u015bci do:\n<ul>\n<li>dostosowania zawarto\u015bci stron internetowych Serwisu do preferencji U\u017cytkownika oraz optymalizacji korzystania ze stron internetowych Serwisu;<\/li>\n<li>rozpoznania urz\u0105dzenia U\u017cytkownika Serwisu i odpowiednio wy\u015bwietlenia strony internetowej, dostosowanej do jego indywidualnych potrzeb.<\/li>\n<\/ul>\n<\/li>\n<li>Administrator wykorzystuje Cookies w\u0142asne w celu realizacji proces\u00f3w niezb\u0119dnych dla pe\u0142nej funkcjonalno\u015bci stron internetowych, a w szczeg\u00f3lno\u015bci do:\n<ul>\n<li>dostosowania zawarto\u015bci stron internetowych Serwisu do preferencji U\u017cytkownika oraz optymalizacji korzystania ze stron internetowych Serwisu. W szczeg\u00f3lno\u015bci pliki te pozwalaj\u0105 rozpozna\u0107 podstawowe parametry Urz\u0105dzenia U\u017cytkownika i odpowiednio wy\u015bwietli\u0107 stron\u0119 internetow\u0105, dostosowan\u0105 do jego indywidualnych potrzeb.<\/li>\n<\/ul>\n<\/li>\n<li>Administrator wykorzystuje Cookies w\u0142asne w celu analiz i bada\u0144 oraz audytu ogl\u0105dalno\u015bci, a w szczeg\u00f3lno\u015bci do tworzenia anonimowych statystyk, kt\u00f3re pomagaj\u0105 zrozumie\u0107, w jaki spos\u00f3b U\u017cytkownicy Serwisu korzystaj\u0105 ze stron internetowych Serwisu, co umo\u017cliwia ulepszanie ich struktury i zawarto\u015bci.<\/li>\n<li>Administrator us\u0142ugi wykorzystuje Cookies zewn\u0119trzne w celu prezentowania tre\u015bci multimedialnych na stronach internetowych Serwisu, kt\u00f3re s\u0105 pobierane z zewn\u0119trznego serwisu internetowego www.youtube.com (administrator cookies zewn\u0119trznego: Google Inc z siedzib\u0105 w USA).<\/li>\n<li>Administrator us\u0142ugi wykorzystuje Cookies zewn\u0119trzne w celu zbierania og\u00f3lnych i anonimowych danych statycznych za po\u015brednictwem narz\u0119dzi analitycznych Google Analytics (administrator cookies zewn\u0119trznego: Google Inc z siedzib\u0105 w USA).<\/li>\n<li>Administrator us\u0142ugi wykorzystuje Cookies zewn\u0119trzne w celu popularyzacji serwisu za pomoc\u0105 serwis\u00f3w spo\u0142eczno\u015bciowych Facebook.com (administrator cookies zewn\u0119trznego: Facebook Inc z siedzib\u0105 w USA lub Facebook Ireland z siedzib\u0105 w Irlandii).<\/li>\n<\/ol>\n<h2>\u00a7 4 Mo\u017cliwo\u015bci okre\u015blenia warunk\u00f3w przechowywania lub uzyskiwania dost\u0119pu przez Cookies<\/h2>\n<ol>\n<li>U\u017cytkownik mo\u017ce samodzielnie i w ka\u017cdym czasie zmieni\u0107 ustawienia dotycz\u0105ce plik\u00f3w Cookies, okre\u015blaj\u0105c warunki ich przechowywania i uzyskiwania dost\u0119pu przez pliki Cookies do Urz\u0105dzenia U\u017cytkownika. Zmiany ustawie\u0144, o kt\u00f3rych mowa w zdaniu poprzednim, U\u017cytkownik mo\u017ce dokona\u0107 za pomoc\u0105 ustawie\u0144 przegl\u0105darki internetowej lub za pomoc\u0105 konfiguracji us\u0142ugi. Ustawienia te mog\u0105 zosta\u0107 zmienione w szczeg\u00f3lno\u015bci w taki spos\u00f3b, aby blokowa\u0107 automatyczn\u0105 obs\u0142ug\u0119 plik\u00f3w cookies w ustawieniach przegl\u0105darki internetowej b\u0105d\u017a informowa\u0107 o ich ka\u017cdorazowym zamieszczeniu Cookies na urz\u0105dzeniu U\u017cytkownika. Szczeg\u00f3\u0142owe informacje o mo\u017cliwo\u015bci i sposobach obs\u0142ugi plik\u00f3w cookies dost\u0119pne s\u0105 w ustawieniach oprogramowania (przegl\u0105darki internetowej).Poni\u017cej przedstawiamy jak mo\u017cna zmieni\u0107 ustawienia przegl\u0105darek internetowych w zakresie stosowania plik\u00f3w cookies:\n<ul>\n<li>Przegl\u0105darka\u00a0<a href=\"http:\/\/windows.microsoft.com\/pl-PL\/windows7\/How-to-manage-cookies-in-Internet-Explorer-9\">Internet Explorer<\/a><\/li>\n<li>Przegl\u0105darka\u00a0<a href=\"http:\/\/support.mozilla.org\/pl\/kb\/ciasteczka\">Mozilla FireFox<\/a><\/li>\n<li>Przegl\u0105darka\u00a0<a href=\"http:\/\/support.google.com\/chrome\/bin\/answer.py?hl=pl&amp;answer=95647\">Chrome<\/a><\/li>\n<li>Przegl\u0105darka\u00a0<a href=\"http:\/\/support.apple.com\/kb\/HT1677?viewlocale=pl_PL&amp;locale=pl_PL\">Safari<\/a><\/li>\n<li>Przegl\u0105darka\u00a0<a href=\"http:\/\/help.opera.com\/Linux\/9.22\/pl\/cookies.html\">Opera<\/a><\/li>\n<\/ul>\n<\/li>\n<li>U\u017cytkownik mo\u017ce w ka\u017cdej chwili usun\u0105\u0107 pliki Cookies korzystaj\u0105c z dost\u0119pnych funkcji w przegl\u0105darce internetowej, kt\u00f3rej u\u017cywa.<\/li>\n<li>Ograniczenie stosowania plik\u00f3w Cookies, mo\u017ce wp\u0142yn\u0105\u0107 na niekt\u00f3re funkcjonalno\u015bci dost\u0119pne na stronie internetowej Serwisu.<\/li>\n<\/ol>\n","protected":false},"excerpt":{"rendered":"<p>Niniejsza Polityka Cookies okre\u015bla zasady przechowywania i dost\u0119pu do informacji na urz\u0105dzeniach U\u017cytkownika za pomoc\u0105 plik\u00f3w Cookies, s\u0142u\u017c\u0105cych realizacji us\u0142ug \u015bwiadczonych drog\u0105 elektroniczn\u0105 \u017c\u0105danych przez U\u017cytkownika, przez Migomedia Sp. z o.o. z siedzib\u0105 w Warszawie. &nbsp; \u00a7 1 Definicje Administrator\u00a0&#8211; oznacza Migomedia Sp. z o.o. z siedzib\u0105 w Warszawie (00-611),\u00a0ul. Filtrowa 9\/17, kt\u00f3ry \u015bwiadczy us\u0142ugi\u2026 <a href=\"https:\/\/migo.media\/pl\/polityka-cookies\">Wi\u0119cej &raquo;<\/a><\/p>\n","protected":false},"author":5,"featured_media":0,"parent":0,"menu_order":7,"comment_status":"open","ping_status":"open","template":"","meta":[],"acf":[],"_links":{"self":[{"href":"https:\/\/migo.media\/pl\/wp-json\/wp\/v2\/pages\/1070"}],"collection":[{"href":"https:\/\/migo.media\/pl\/wp-json\/wp\/v2\/pages"}],"about":[{"href":"https:\/\/migo.media\/pl\/wp-json\/wp\/v2\/types\/page"}],"author":[{"embeddable":true,"href":"https:\/\/migo.media\/pl\/wp-json\/wp\/v2\/users\/5"}],"replies":[{"embeddable":true,"href":"https:\/\/migo.media\/pl\/wp-json\/wp\/v2\/comments?post=1070"}],"version-history":[{"count":8,"href":"https:\/\/migo.media\/pl\/wp-json\/wp\/v2\/pages\/1070\/revisions"}],"predecessor-version":[{"id":1256,"href":"https:\/\/migo.media\/pl\/wp-json\/wp\/v2\/pages\/1070\/revisions\/1256"}],"wp:attachment":[{"href":"https:\/\/migo.media\/pl\/wp-json\/wp\/v2\/media?parent=1070"}],"curies":[{"name":"wp","href":"https:\/\/api.w.org\/{rel}","templated":true}]}}