{"id":1324,"date":"2014-09-05T08:59:51","date_gmt":"2014-09-05T06:59:51","guid":{"rendered":"http:\/\/www.migomedia.pl\/?page_id=1324"},"modified":"2014-10-22T17:05:01","modified_gmt":"2014-10-22T15:05:01","slug":"branza-budowlana","status":"publish","type":"page","link":"https:\/\/migo.media\/pl\/branza-budowlana","title":{"rendered":"Marketing nieruchomo\u015bci i deweloper\u00f3w"},"content":{"rendered":"<div style=\"text-align: center;\"><img decoding=\"async\" loading=\"lazy\" alt=\"Bran\u017ca budowlana\" src=\"http:\/\/www.migomedia.pl\/wp-content\/uploads\/2014\/09\/Branza-budowlana.jpg\" width=\"758\" height=\"265\" \/><\/div>\n<h3>Dzi\u0119ki wieloletniemu do\u015bwiadczeniu w projektowaniu i realizowaniu strategii marketingu nieruchomo\u015bci oraz wsp\u00f3\u0142pracy z bran\u017c\u0105 budowlan\u0105, wiemy jak wypromowa\u0107 mark\u0119 i zrealizowa\u0107 cele biznesowe deweloper\u00f3w.<\/h3>\n<hr \/>\n<h2>Korzy\u015bci oferujemy ka\u017cdemu inwestorowi:<\/h2>\n<ul>\n<li>Zaprojektowana dla Twojej inwestycji strategia marketingu nieruchomo\u015bci wypromuje Twoj\u0105 inwestycj\u0119 budowlan\u0105<\/li>\n<li>Dost\u0119p do skutecznych i sprawdzonych rozwi\u0105za\u0144 marketingu nieruchomo\u015bci, kt\u00f3re pomog\u0105 zwielokrotni\u0107 zyski Twojej inwestycji budowlanej<\/li>\n<li>Gruntowne analizy bran\u017cy budowlanej, nasycenia rynku, Twojej najbli\u017cszej konkurencji, grupy docelowej klient\u00f3w pozwol\u0105 na sprecyzowanie zwrotu z kampanii i postawienie cel\u00f3w do zrealizowania<\/li>\n<li>Poczucie bezpiecze\u0144stwa. Marketing nieruchomo\u015bci dostosowany jest do bud\u017cetu, jaki chce inwestor przeznaczy\u0107 na inwestycj\u0119 w reklam\u0119 i marketing nieruchomo\u015bci<\/li>\n<\/ul>\n<p>Przyjmujemy zlecenia na wszystkie pojedyncze produkty marketingu nieruchomo\u015bci wybrane przez Twoj\u0105 firm\u0119.<\/p>\n<h1>Kompleksowa obs\u0142uga &#8211; przyk\u0142adowe us\u0142ugi<\/h1>\n<h2>Atrakcyjne i funkcjonalne strony WWW<\/h2>\n<p><strong>Wiemy jak rozmie\u015bci\u0107 elementy na stronie www dewelopera czy inwestycji budowlanej, by zwi\u0119kszy\u0107 skuteczno\u015b\u0107 przekazu.<\/strong><\/p>\n<p><strong>Mamy do\u015bwiadczenie<\/strong>\u00a0w projektowaniu stron internetowych z wyszukiwarkami mieszka\u0144 i z systemem rezerwacji mieszka\u0144 on-line, mapy lokalizacji inwestycji budowlanej i biura sprzeda\u017cy dewelopera, galerie z placu budowy zintegrowane z kamer\u0105 na placu budowy, sekcja dla prasy, itd.<\/p>\n<h2>Kreacja (projekty graficzne)<\/h2>\n<p>Np. Dla Capital Art Apartments Ma\u0142gorzata Bednarek z sukcesem zrealizowa\u0142a strategi\u0119 marketingow\u0105 (m.in. bannery i p\u0142ot na teren budowy, tablica reklamowa, billboard backlight). Pomogli\u015bmy szybko sprzeda\u0107 mieszkania.<\/p>\n<ul>\n<li>projektowanie logo dewelopera i inwestycji\u00a0nieruchomo\u015bci<\/li>\n<li>pakiet identyfikacji (wizyt\u00f3wka, papier firmowy, koperta, papeteria e-mail)<\/li>\n<\/ul>\n<p>Np. Dla Oriko Polska eksperci Migomedia wykonali atrakcyjn\u0105 graficznie stron\u0119 rekrutacyjn\u0105 i papier firmowy.<\/p>\n<ul>\n<li>katalogi, ulotki reklamowe<\/li>\n<\/ul>\n<p>Np. Dla firmy Budizol i inwestycji Konstancin Park eksperci Migomedia stworzyli nazw\u0119 inwestycji, wykonali stron\u0119 w technologii Flash, plany mieszka\u0144 i katalog.<\/p>\n<ul>\n<li>teczki reklamowe<\/li>\n<\/ul>\n<p>Np. Dla Compacta Polska eksperci Migomedia wykonali m.in. teczk\u0119 i wizualizacje.<\/p>\n<ul>\n<li>widoczne reklamy prasowe Twoich nieruchomo\u015bci<\/li>\n<\/ul>\n<p>Np. Dla firmy Budizol i inwestycji Konstancin Park eksperci Migomedia zaprojektowali reklamy prasowe i napisali artyku\u0142 sponsorowany.<\/p>\n<ul>\n<li>billboardy dla inwestycji budowlanych i firm z bran\u017cy budowlanej)<\/li>\n<li>bannery i tablice reklamowe informuj\u0105ce o nieruchomo\u015bci i zwi\u0119kszaj\u0105ce atrakcyjno\u015b\u0107 inwestycji budowlanych firm deweloperskich<\/li>\n<\/ul>\n<p>(ekipa monta\u017cowa doradzi i zadba o monta\u017c)<\/p>\n<ul>\n<li>atrakcyjne p\u0142oty reklamowe na plac budowy z logiem inwestora i inwestycji budowlanej (z wizualizacjami)<\/li>\n<\/ul>\n<p>&nbsp;<\/p>\n<h2>Druk materia\u0142\u00f3w marketingowych<\/h2>\n<p>Drukujemy w cyfrze lub offsecie materia\u0142y marketingowe.<\/p>\n<p>Na potrzeby banner\u00f3w, tablic reklamowych, p\u0142ot\u00f3w reklamowych wykonujemy wysokiej jako\u015bci druk wielkoformatowy.<\/p>\n<h2>Wsp\u00f3\u0142praca z domem mediowym<\/h2>\n<p>B\u0119dziecie Pa\u0144stwo spokojni o ukazywanie si\u0119 Waszych reklam w gazetach. Doradzimy, jaki rozmiar reklamy jest najbardziej efektywny i najbardziej widoczny. Dzi\u0119ki swej elegancji, grafika zaprojektowana przez nas b\u0119dzie tworzy\u0142a presti\u017c inwestycji budowlanej firmy deweloperskiej.<\/p>\n<p>Wystarczy wybra\u0107 termin i gazet\u0119, a my zarezerwujemy miejsce i umie\u015bcimy tam reklam\u0119.<\/p>\n<h2>Prezentacje multimedialne<\/h2>\n<p>Prezentacje multimedialne zawieraj\u0105 histori\u0119 firmy, informacje na temat inwestycji, jej lokalizacji, terminu uko\u0144czenia budowy, ilo\u015bci mieszka\u0144, pi\u0119ter, itd. Jest to po\u017c\u0105dany materia\u0142 dla ka\u017cdego dziennikarza. Nasz specjalista od PR zajmuje si\u0119 dystrybucj\u0105 p\u0142yt CD pomi\u0119dzy dziennikarzy z danej bran\u017cy i dba o bardzo cz\u0119ste publikacje w prasie.<\/p>\n<h2>Wizualizacje 3D nieruchomo\u015bci, spacery interaktywne i kolorowanie plan\u00f3w mieszka\u0144 (dla inwestycji budowlanych)<\/h2>\n<p>Profesjonalne wizualizacje osiedla mieszkaniowego czy dom\u00f3w jednorodzinnych uwypuklaj\u0105 zalety inwestycji. Wizualizacje wzbogacone s\u0105 o takie elementy krajobraz\u00f3w jak szcz\u0119\u015bliwe rodziny spaceruj\u0105ce z dzie\u0107mi, pi\u0119kne b\u0142\u0119kitne niebo, drzewa, krzewy, gara\u017ce, alejki do spacerowania. Wizualizacje sprawiaj\u0105 wra\u017cenie krainy szcz\u0119\u015bliwo\u015bci. S\u0105 \u015bwietnym materia\u0142em marketingowym dla deweloper\u00f3w.<\/p>\n","protected":false},"excerpt":{"rendered":"<p>Dzi\u0119ki wieloletniemu do\u015bwiadczeniu w projektowaniu i realizowaniu strategii marketingu nieruchomo\u015bci oraz wsp\u00f3\u0142pracy z bran\u017c\u0105 budowlan\u0105, wiemy jak wypromowa\u0107 mark\u0119 i zrealizowa\u0107 cele biznesowe deweloper\u00f3w. Korzy\u015bci oferujemy ka\u017cdemu inwestorowi: Zaprojektowana dla Twojej inwestycji strategia marketingu nieruchomo\u015bci wypromuje Twoj\u0105 inwestycj\u0119 budowlan\u0105 Dost\u0119p do skutecznych i sprawdzonych rozwi\u0105za\u0144 marketingu nieruchomo\u015bci, kt\u00f3re pomog\u0105 zwielokrotni\u0107 zyski Twojej inwestycji budowlanej Gruntowne\u2026 <a href=\"https:\/\/migo.media\/pl\/branza-budowlana\">Wi\u0119cej &raquo;<\/a><\/p>\n","protected":false},"author":5,"featured_media":0,"parent":0,"menu_order":0,"comment_status":"open","ping_status":"open","template":"","meta":[],"acf":[],"_links":{"self":[{"href":"https:\/\/migo.media\/pl\/wp-json\/wp\/v2\/pages\/1324"}],"collection":[{"href":"https:\/\/migo.media\/pl\/wp-json\/wp\/v2\/pages"}],"about":[{"href":"https:\/\/migo.media\/pl\/wp-json\/wp\/v2\/types\/page"}],"author":[{"embeddable":true,"href":"https:\/\/migo.media\/pl\/wp-json\/wp\/v2\/users\/5"}],"replies":[{"embeddable":true,"href":"https:\/\/migo.media\/pl\/wp-json\/wp\/v2\/comments?post=1324"}],"version-history":[{"count":8,"href":"https:\/\/migo.media\/pl\/wp-json\/wp\/v2\/pages\/1324\/revisions"}],"predecessor-version":[{"id":1436,"href":"https:\/\/migo.media\/pl\/wp-json\/wp\/v2\/pages\/1324\/revisions\/1436"}],"wp:attachment":[{"href":"https:\/\/migo.media\/pl\/wp-json\/wp\/v2\/media?parent=1324"}],"curies":[{"name":"wp","href":"https:\/\/api.w.org\/{rel}","templated":true}]}}